

{"id":383,"date":"2017-09-23T09:54:29","date_gmt":"2017-09-23T07:54:29","guid":{"rendered":"http:\/\/www.enbiter.libericantieridigitali.it\/?page_id=383"},"modified":"2017-09-25T09:57:48","modified_gmt":"2017-09-25T07:57:48","slug":"articolo-15-poteri-del-comitato-direttivo1","status":"publish","type":"page","link":"https:\/\/www.entebilaterale-ap.it\/ebt\/statuto\/articolo-15-poteri-del-comitato-direttivo1\/","title":{"rendered":"ARTICOLI DA 1 A 7 &#8211; Oggetto, finalit\u00e0, soci"},"content":{"rendered":"<h3>ARTICOLO 1 \u2013 COSTITUZIONE<\/h3>\n<p>Conformemente a quanto previsto dall\u2019articolo 19 del CCNL<br \/>\nTurismo 19 luglio 2003 e successive modifiche ed integrazioni e dall\u2019accordo territoriale del 22 Aprile 1997, \u00e8<br \/>\ncostituito l\u2019Ente Bilaterale Territoriale Unitario del Settore Turismo della Provincia di Ascoli Piceno, di seguito denominato<br \/>\nE.B.T.<\/p>\n<h3>ARTICOLO 2 \u2013 NATURA<\/h3>\n<p>L\u2019E.B.T. ha natura giuridica di associazione non riconosciuta e non persegue finalit\u00e0 di lucro.<\/p>\n<h3>ARTICOLO 3 \u2013 DURATA<\/h3>\n<p>La durata dell\u2019E.B.T. \u00e8 a tempo indeterminato.<\/p>\n<h3>ARTICOLO 4 \u2013 SEDE<\/h3>\n<p>L\u2019E.B.T. ha sede in<br \/>\nin Ascoli Piceno presso la sede della Confcommercio.<\/p>\n<h3>ARTICOLO 5 \u2013 SOCI E BENEFICIARI<\/h3>\n<p>Sono Soci dell\u2019E.B.T. :<\/p>\n<ul>\n<li> l\u2019Associazione Provinciale Albergatori, aderente a FEDERALBERGHI; <\/li>\n<li> il Sindacato Provinciale Pubblici Esercizi, aderente a FIPE; <\/li>\n<li> l\u2019 Associazione Provinciale Complessi Turistico-Ricettivi all\u2019Aria Aperta, aderente a FAITA; <\/li>\n<li> il Sindacato Provinciale Imprese Viaggio e Turismo, aderente a FIAVET;- la FILCAMS-CGIL territoriale; <\/li>\n<li> la FISASCAT-CISL territoriale; <\/li>\n<li> la UILTuCS-UIL territoriale. <\/li>\n<\/ul>\n<p>Nel caso di mancata presenza a livello territoriale di una o pi\u00f9 delle predette organizzazioni, potr\u00e0 subentrare -in via transitoria\u2013 la competente organizzazione nazionale.(2) La decadenza dal rapporto organizzativo con le organizzazioni nazionali di cui al comma<br \/>\nprecedente comporta la perdita dello status di socio dell\u2019EBT e il conseguente trasferimento dei relativi diritti in<br \/>\ncapo alla competente organizzazione nazionale.(3) In nessun caso \u00e8 consentito il trasferimento della quota o contributo<br \/>\nassociativo.(4) La quota associativa non \u00e8 in ogni caso rivalutabile e non d\u00e0 nessun diritto in termini di partecipazione al<br \/>\npatrimonio dell\u2019associazione, n\u00e9 durante la vita dell\u2019associazione stessa, n\u00e9 in caso di suo<br \/>\nscioglimento.(5) Le iniziative di cui all\u2019articolo 6 del presente Statuto integrano i trattamenti minimi contrattuali<br \/>\ninderogabili e sono destinate ai dipendenti ed alle aziende che corrispondono le quote di cui al successivo articolo 7.(6)<br \/>\nIn coerenza con gli obiettivi di cui sopra, le quote di cui al successivo articolo 7 sono canalizzate con le modalit\u00e0 definite<br \/>\ndall\u2019articolo 21 del CCNL Turismo 19 luglio 2003 e successive modifiche ed integrazioni e sono destinate al<br \/>\nfinanziamento del livello territoriale (EBT) e nazionale (EBNT).<\/p>\n<h3>ARTICOLO 6 \u2013 SCOPI<\/h3>\n<p>L\u2019E.B.T. costituisce lo strumento per lo svolgimento delle attivit\u00e0 individuate dai soci in materia di occupazione, mercato del lavoro, formazione e<br \/>\nqualificazione professionali.(2) A tal fine, l\u2019E.B.T. promuove e gestisce, a livello locale:<\/p>\n<ul>\n<li>iniziative in materia di formazione e qualificazione professionale anche in collaborazione con le Regioni e gli altri Enti competenti, anche finalizzate all\u2019avviamento dei lavoratori che vi abbiano proficuamente partecipato;<\/li>\n<li>iniziative finalizzate al sostegno temporaneo del reddito dei lavoratori coinvolti in processi di ristrutturazione e riorganizzazione che comportino la cessazione e\/o la sospensione dei rapporti di lavoro a tempo indeterminato, ovvero a finanziare corsi di riqualificazione per il personale interessato da tali provvedimenti;<\/li>\n<li>interventi per il sostegno del reddito dei lavoratori stagionali che partecipino ai corsi di formazione predisposti dall\u2019Ente stesso, nonch\u00e9 altri interventi di carattere sociale in favore dei lavoratori;<\/li>\n<li>funzioni di coordinamento, vigilanza e monitoraggio dell\u2019attivit\u00e0 dei Centri di Servizio;<\/li>\n<li>funzioni di assistenza volte a favorire l\u2019incontro tra domanda e l\u2019offerta di lavoro e di monitoraggio del mercato del lavoro e delle forme di impiego, in collegamento con l\u2019Ente Bilaterale Nazionale del settore Turismo, con la rete degli enti bilaterali territoriali e con il Sistema informativo lavoro;<\/li>\n<li>le azioni pi\u00f9 opportune affinch\u00e9 dagli Organismi competenti siano predisposti corsi di studio che, garantendo le finalit\u00e0 di contribuire al miglioramento culturale e professionale dei lavoratori favoriscano l\u2019acquisizione di pi\u00f9 elevati valori professionali e siano appropriati alle caratteristiche delle attivit\u00e0 del comparto;<\/li>\n<li>i compiti allo stesso demandati dalla contrattazione collettiva in materia di tutela della salute e della sicurezza dei lavoratori nei luoghi di lavoro;<\/li>\n<li>i compiti allo stesso demandati dalla contrattazione collettiva in materia di segreteria tecnica degli organismi paritetici;<\/li>\n<li>funzioni di promozione della conoscenza degli strumenti contrattuali concernenti la previdenza complementare e l\u2019assistenza sanitaria integrativa, in attuazione di specifiche convenzioni stipulate tra l\u2019Ente Bilaterale Nazionale del settore Turismo e i fondi competenti;<\/li>\n<li>l\u2019istituzione dell\u2019Osservatorio del mercato del lavoro, che costituisce lo strumento per lo studio delle iniziative adottate dalle Parti in materia di occupazione, mercato del lavoro, formazione e qualificazione professionale, realizzando una fase di esame e di studio idonea a cogliere gli aspetti peculiari delle diverse realt\u00e0 presenti<br \/>\nnel territorio ed a consentire la stima dei fabbisogni occupazionali; a tal fine, l\u2019Osservatorio:- programma ed organizza, al proprio livello di competenza, le relazioni sulle materie oggetto di analisi dell\u2019Ente Bilaterale Nazionale del settore Turismo inviando a quest\u2019ultimo i risultati, di norma a cadenza trimestrale, anche sulla base di rilevazioni realizzate dalle Associazioni imprenditoriali;- ricerca ed elabora, a fini statistici, i dati relativi agli accordi realizzati in materia di contratti di inserimento, di apprendistato nonch\u00e9 di contratti a termine, inviandone i risultati, di norma a cadenza trimestrale, all\u2019Ente Bilaterale Nazionale del settore Turismo;- promuove iniziative di studio, analisi e ricerche sul mercato del lavoro al fine di orientare e favorire l\u2019incontro tra domanda e offerta di lavoro, anche rispetto ai lavoratori extracomunitari, nonch\u00e9 di verificare le esigenze di formazione e di qualificazione reclamate dalle diverse esigenze territoriali, settoriali e\/o di comparto;- cura la raccolta e l\u2019invio degli accordi territoriali ed aziendali all\u2019Ente Bilaterale Nazionale del settore Turismo;<\/li>\n<li>attivit\u00e0 in materia di attestazione di regolarit\u00e0 contributiva, in regime di convenzione con gli enti pubblici preposti a tale funzione;<\/li>\n<li>attivit\u00e0 di sostegno dei buoni vacanza;<\/li>\n<li>tutti gli altri compiti allo stesso demandati dalla contrattazione collettiva e dalle norme di legge.<\/li>\n<\/ul>\n<p>(4) Per il miglior raggiungimento dei propri scopi l\u2019E.B.T. potr\u00e0 avviare, partecipare,<br \/>\no contribuire ad ogni iniziativa che in modo diretto, mediato o strumentale permetta o faciliti il raggiungimento dei propri<br \/>\nfini istituzionali, anche costituendo o partecipando ad istituti, societ\u00e0, consorzi, associazioni od enti, previa apposita<br \/>\ndelibera dell\u2019Assemblea.(5) L\u2019istituzione di organismi interni e\/o funzioni stabili preposti al perseguimento<br \/>\ndegli scopi sociali \u00e8 deliberata dall\u2019Assemblea, che ne regola il funzionamento con apposito regolamento.<\/p>\n<h3>ARTICOLO 7 \u2013 FINANZIAMENTO<\/h3>\n<p>L\u2019E.B.T. \u00e8 finanziato da quote di assistenza contrattuale versate da tutte le<br \/>\nAziende e dai loro dipendenti nella misura e con il sistema di riscossione previsti dal vigente Contratto Collettivo<br \/>\nNazionale di Lavoro per i dipendenti da aziende del settore Turismo.(2) La quota a carico dei dipendenti sar\u00e0 trattenuta<br \/>\ndai datori di lavoro sulla retribuzione mensile e versata unitamente a quella a proprio carico.<\/p>\n","protected":false},"excerpt":{"rendered":"<p>ARTICOLO 1 \u2013 COSTITUZIONE Conformemente a quanto previsto dall\u2019articolo 19 del CCNL Turismo 19 luglio 2003 e successive modifiche ed integrazioni e dall\u2019accordo territoriale del 22 Aprile 1997, \u00e8 costituito l\u2019Ente Bilaterale Territoriale Unitario del Settore Turismo della Provincia di Ascoli Piceno, di seguito denominato E.B.T. ARTICOLO 2 \u2013 NATURA L\u2019E.B.T. ha natura giuridica di [&hellip;]<\/p>\n","protected":false},"author":2,"featured_media":0,"parent":108,"menu_order":10,"comment_status":"closed","ping_status":"closed","template":"","meta":[],"acf":[],"_links":{"self":[{"href":"https:\/\/www.entebilaterale-ap.it\/ebt\/wp-json\/wp\/v2\/pages\/383"}],"collection":[{"href":"https:\/\/www.entebilaterale-ap.it\/ebt\/wp-json\/wp\/v2\/pages"}],"about":[{"href":"https:\/\/www.entebilaterale-ap.it\/ebt\/wp-json\/wp\/v2\/types\/page"}],"author":[{"embeddable":true,"href":"https:\/\/www.entebilaterale-ap.it\/ebt\/wp-json\/wp\/v2\/users\/2"}],"replies":[{"embeddable":true,"href":"https:\/\/www.entebilaterale-ap.it\/ebt\/wp-json\/wp\/v2\/comments?post=383"}],"version-history":[{"count":9,"href":"https:\/\/www.entebilaterale-ap.it\/ebt\/wp-json\/wp\/v2\/pages\/383\/revisions"}],"predecessor-version":[{"id":418,"href":"https:\/\/www.entebilaterale-ap.it\/ebt\/wp-json\/wp\/v2\/pages\/383\/revisions\/418"}],"up":[{"embeddable":true,"href":"https:\/\/www.entebilaterale-ap.it\/ebt\/wp-json\/wp\/v2\/pages\/108"}],"wp:attachment":[{"href":"https:\/\/www.entebilaterale-ap.it\/ebt\/wp-json\/wp\/v2\/media?parent=383"}],"curies":[{"name":"wp","href":"https:\/\/api.w.org\/{rel}","templated":true}]}}